{"id":6358,"date":"2021-02-17T07:03:47","date_gmt":"2021-02-17T01:03:47","guid":{"rendered":"https:\/\/thepixelcurve.com\/wp\/edubin\/?page_id=6358"},"modified":"2022-04-13T00:45:50","modified_gmt":"2022-04-13T00:45:50","slug":"vijesti","status":"publish","type":"page","link":"https:\/\/osbrankobozovic.me\/sr\/vijesti\/","title":{"rendered":"Vijesti"},"content":{"rendered":"\t\t<div data-elementor-type=\"wp-page\" data-elementor-id=\"6358\" class=\"elementor elementor-6358\">\n\t\t\t\t\t\t\t\t\t<section class=\"elementor-section elementor-top-section elementor-element elementor-element-8b6a6a9 elementor-section-boxed elementor-section-height-default elementor-section-height-default\" data-id=\"8b6a6a9\" data-element_type=\"section\">\n\t\t\t\t\t\t<div class=\"elementor-container elementor-column-gap-default\">\n\t\t\t\t\t<div class=\"elementor-column elementor-col-100 elementor-top-column elementor-element elementor-element-c1f4c33\" data-id=\"c1f4c33\" data-element_type=\"column\">\n\t\t\t<div class=\"elementor-widget-wrap elementor-element-populated\">\n\t\t\t\t\t\t\t\t<div class=\"elementor-element elementor-element-bd6873e elementor-widget elementor-widget-edubin-latest-post\" data-id=\"bd6873e\" data-element_type=\"widget\" data-widget_type=\"edubin-latest-post.default\">\n\t\t\t\t<div class=\"elementor-widget-container\">\n\t\t\t            <div class=\"row edubin-latest-news layout-5\">\n\n            \n\n    \n                                \t\t<\/div>\n\t\t\t\t<\/div>\n\t\t\t\t\t<\/div>\n\t\t<\/div>\n\t\t\t\t\t\t\t<\/div>\n\t\t<\/section>\n\t\t\t\t\t\t\t<\/div>\n\t\t","protected":false},"excerpt":{"rendered":"<p>Prvo mjesto u kartingu Anja Vujovi\u0107, u\u010denica odjeljenja I-2, osvojila je 1.mjesto u konkurenciji takmi\u010dara iz Op\u0161irnije Dani frankofonije Povodom Dana frankofonije, 26. marta, u Gimnaziji ,,Slobodan \u0160kerovi\u0107\u201d odr\u017eana je priredba Op\u0161irnije Svjetski dan osoba sa autizmom Povodom obilje\u017eavanja Svjetskog dana osoba sa autizmom koji [&hellip;]<\/p>\n","protected":false},"author":1,"featured_media":0,"parent":0,"menu_order":0,"comment_status":"closed","ping_status":"closed","template":"","meta":{"inline_featured_image":false,"footnotes":""},"class_list":["post-6358","page","type-page","status-publish","hentry"],"yoast_head":"<!-- This site is optimized with the Yoast SEO plugin v18.6 - https:\/\/yoast.com\/wordpress\/plugins\/seo\/ -->\n<title>Vijesti - Osnovna \u0161kola Branko Bo\u017eovi\u0107<\/title>\n<meta name=\"robots\" content=\"index, follow, max-snippet:-1, max-image-preview:large, max-video-preview:-1\" \/>\n<link rel=\"canonical\" href=\"https:\/\/osbrankobozovic.me\/sr\/vijesti\/\" \/>\n<meta property=\"og:locale\" content=\"sr_RS\" \/>\n<meta property=\"og:type\" content=\"article\" \/>\n<meta property=\"og:title\" content=\"Vijesti - Osnovna \u0161kola Branko Bo\u017eovi\u0107\" \/>\n<meta property=\"og:description\" content=\"Prvo mjesto u kartingu Anja Vujovi\u0107, u\u010denica odjeljenja I-2, osvojila je 1.mjesto u konkurenciji takmi\u010dara iz Op\u0161irnije Dani frankofonije Povodom Dana frankofonije, 26. marta, u Gimnaziji ,,Slobodan \u0160kerovi\u0107\u201d odr\u017eana je priredba Op\u0161irnije Svjetski dan osoba sa autizmom Povodom obilje\u017eavanja Svjetskog dana osoba sa autizmom koji [&hellip;]\" \/>\n<meta property=\"og:url\" content=\"https:\/\/osbrankobozovic.me\/sr\/vijesti\/\" \/>\n<meta property=\"og:site_name\" content=\"Osnovna \u0161kola Branko Bo\u017eovi\u0107\" \/>\n<meta property=\"article:modified_time\" content=\"2022-04-13T00:45:50+00:00\" \/>\n<meta property=\"og:image\" content=\"https:\/\/osbrankobozovic.me\/wp-content\/uploads\/2022\/04\/278445354_7616596441746940_5347716713237603631_n-768x576.jpg\" \/>\n<meta name=\"twitter:card\" content=\"summary_large_image\" \/>\n<meta name=\"twitter:label1\" content=\"\u041f\u0440\u043e\u0446\u0435\u045a\u0435\u043d\u043e \u0432\u0440\u0435\u043c\u0435 \u0447\u0438\u0442\u0430\u045a\u0430\" \/>\n\t<meta name=\"twitter:data1\" content=\"1 \u043c\u0438\u043d\u0443\u0442\" \/>\n<script type=\"application\/ld+json\" class=\"yoast-schema-graph\">{\"@context\":\"https:\/\/schema.org\",\"@graph\":[{\"@type\":\"WebSite\",\"@id\":\"https:\/\/osbrankobozovic.me\/#website\",\"url\":\"https:\/\/osbrankobozovic.me\/\",\"name\":\"Osnovna \u0161kola Branko Bo\u017eovi\u0107\",\"description\":\"\",\"potentialAction\":[{\"@type\":\"SearchAction\",\"target\":{\"@type\":\"EntryPoint\",\"urlTemplate\":\"https:\/\/osbrankobozovic.me\/?s={search_term_string}\"},\"query-input\":\"required name=search_term_string\"}],\"inLanguage\":\"sr-RS\"},{\"@type\":\"ImageObject\",\"@id\":\"https:\/\/osbrankobozovic.me\/sr\/vijesti\/#primaryimage\",\"inLanguage\":\"sr-RS\",\"url\":\"https:\/\/osbrankobozovic.me\/wp-content\/uploads\/2022\/04\/278445354_7616596441746940_5347716713237603631_n.jpg\",\"contentUrl\":\"https:\/\/osbrankobozovic.me\/wp-content\/uploads\/2022\/04\/278445354_7616596441746940_5347716713237603631_n.jpg\",\"width\":960,\"height\":720},{\"@type\":\"WebPage\",\"@id\":\"https:\/\/osbrankobozovic.me\/sr\/vijesti\/#webpage\",\"url\":\"https:\/\/osbrankobozovic.me\/sr\/vijesti\/\",\"name\":\"Vijesti - Osnovna \u0161kola Branko Bo\u017eovi\u0107\",\"isPartOf\":{\"@id\":\"https:\/\/osbrankobozovic.me\/#website\"},\"primaryImageOfPage\":{\"@id\":\"https:\/\/osbrankobozovic.me\/sr\/vijesti\/#primaryimage\"},\"datePublished\":\"2021-02-17T01:03:47+00:00\",\"dateModified\":\"2022-04-13T00:45:50+00:00\",\"breadcrumb\":{\"@id\":\"https:\/\/osbrankobozovic.me\/sr\/vijesti\/#breadcrumb\"},\"inLanguage\":\"sr-RS\",\"potentialAction\":[{\"@type\":\"ReadAction\",\"target\":[\"https:\/\/osbrankobozovic.me\/sr\/vijesti\/\"]}]},{\"@type\":\"BreadcrumbList\",\"@id\":\"https:\/\/osbrankobozovic.me\/sr\/vijesti\/#breadcrumb\",\"itemListElement\":[{\"@type\":\"ListItem\",\"position\":1,\"name\":\"Home\",\"item\":\"https:\/\/osbrankobozovic.me\/sr\/\"},{\"@type\":\"ListItem\",\"position\":2,\"name\":\"Vijesti\"}]}]}<\/script>\n<!-- \/ Yoast SEO plugin. -->","yoast_head_json":{"title":"Vijesti - Osnovna \u0161kola Branko Bo\u017eovi\u0107","robots":{"index":"index","follow":"follow","max-snippet":"max-snippet:-1","max-image-preview":"max-image-preview:large","max-video-preview":"max-video-preview:-1"},"canonical":"https:\/\/osbrankobozovic.me\/sr\/vijesti\/","og_locale":"sr_RS","og_type":"article","og_title":"Vijesti - Osnovna \u0161kola Branko Bo\u017eovi\u0107","og_description":"Prvo mjesto u kartingu Anja Vujovi\u0107, u\u010denica odjeljenja I-2, osvojila je 1.mjesto u konkurenciji takmi\u010dara iz Op\u0161irnije Dani frankofonije Povodom Dana frankofonije, 26. marta, u Gimnaziji ,,Slobodan \u0160kerovi\u0107\u201d odr\u017eana je priredba Op\u0161irnije Svjetski dan osoba sa autizmom Povodom obilje\u017eavanja Svjetskog dana osoba sa autizmom koji [&hellip;]","og_url":"https:\/\/osbrankobozovic.me\/sr\/vijesti\/","og_site_name":"Osnovna \u0161kola Branko Bo\u017eovi\u0107","article_modified_time":"2022-04-13T00:45:50+00:00","og_image":[{"url":"https:\/\/osbrankobozovic.me\/wp-content\/uploads\/2022\/04\/278445354_7616596441746940_5347716713237603631_n-768x576.jpg"}],"twitter_card":"summary_large_image","twitter_misc":{"\u041f\u0440\u043e\u0446\u0435\u045a\u0435\u043d\u043e \u0432\u0440\u0435\u043c\u0435 \u0447\u0438\u0442\u0430\u045a\u0430":"1 \u043c\u0438\u043d\u0443\u0442"},"schema":{"@context":"https:\/\/schema.org","@graph":[{"@type":"WebSite","@id":"https:\/\/osbrankobozovic.me\/#website","url":"https:\/\/osbrankobozovic.me\/","name":"Osnovna \u0161kola Branko Bo\u017eovi\u0107","description":"","potentialAction":[{"@type":"SearchAction","target":{"@type":"EntryPoint","urlTemplate":"https:\/\/osbrankobozovic.me\/?s={search_term_string}"},"query-input":"required name=search_term_string"}],"inLanguage":"sr-RS"},{"@type":"ImageObject","@id":"https:\/\/osbrankobozovic.me\/sr\/vijesti\/#primaryimage","inLanguage":"sr-RS","url":"https:\/\/osbrankobozovic.me\/wp-content\/uploads\/2022\/04\/278445354_7616596441746940_5347716713237603631_n.jpg","contentUrl":"https:\/\/osbrankobozovic.me\/wp-content\/uploads\/2022\/04\/278445354_7616596441746940_5347716713237603631_n.jpg","width":960,"height":720},{"@type":"WebPage","@id":"https:\/\/osbrankobozovic.me\/sr\/vijesti\/#webpage","url":"https:\/\/osbrankobozovic.me\/sr\/vijesti\/","name":"Vijesti - Osnovna \u0161kola Branko Bo\u017eovi\u0107","isPartOf":{"@id":"https:\/\/osbrankobozovic.me\/#website"},"primaryImageOfPage":{"@id":"https:\/\/osbrankobozovic.me\/sr\/vijesti\/#primaryimage"},"datePublished":"2021-02-17T01:03:47+00:00","dateModified":"2022-04-13T00:45:50+00:00","breadcrumb":{"@id":"https:\/\/osbrankobozovic.me\/sr\/vijesti\/#breadcrumb"},"inLanguage":"sr-RS","potentialAction":[{"@type":"ReadAction","target":["https:\/\/osbrankobozovic.me\/sr\/vijesti\/"]}]},{"@type":"BreadcrumbList","@id":"https:\/\/osbrankobozovic.me\/sr\/vijesti\/#breadcrumb","itemListElement":[{"@type":"ListItem","position":1,"name":"Home","item":"https:\/\/osbrankobozovic.me\/sr\/"},{"@type":"ListItem","position":2,"name":"Vijesti"}]}]}},"_links":{"self":[{"href":"https:\/\/osbrankobozovic.me\/sr\/wp-json\/wp\/v2\/pages\/6358","targetHints":{"allow":["GET"]}}],"collection":[{"href":"https:\/\/osbrankobozovic.me\/sr\/wp-json\/wp\/v2\/pages"}],"about":[{"href":"https:\/\/osbrankobozovic.me\/sr\/wp-json\/wp\/v2\/types\/page"}],"author":[{"embeddable":true,"href":"https:\/\/osbrankobozovic.me\/sr\/wp-json\/wp\/v2\/users\/1"}],"replies":[{"embeddable":true,"href":"https:\/\/osbrankobozovic.me\/sr\/wp-json\/wp\/v2\/comments?post=6358"}],"version-history":[{"count":11,"href":"https:\/\/osbrankobozovic.me\/sr\/wp-json\/wp\/v2\/pages\/6358\/revisions"}],"predecessor-version":[{"id":9206,"href":"https:\/\/osbrankobozovic.me\/sr\/wp-json\/wp\/v2\/pages\/6358\/revisions\/9206"}],"wp:attachment":[{"href":"https:\/\/osbrankobozovic.me\/sr\/wp-json\/wp\/v2\/media?parent=6358"}],"curies":[{"name":"wp","href":"https:\/\/api.w.org\/{rel}","templated":true}]}}