{"id":825,"date":"2019-04-06T04:02:19","date_gmt":"2019-04-06T04:02:19","guid":{"rendered":"http:\/\/zetheme.com\/wordpress\/edubin\/?page_id=825"},"modified":"2022-04-13T01:02:28","modified_gmt":"2022-04-13T01:02:28","slug":"kontakt2","status":"publish","type":"page","link":"https:\/\/osbrankobozovic.me\/sr\/kontakt2\/","title":{"rendered":"Kontakt"},"content":{"rendered":"\t\t<div data-elementor-type=\"wp-post\" data-elementor-id=\"825\" class=\"elementor elementor-825\">\n\t\t\t\t\t\t\t\t\t<section class=\"elementor-section elementor-top-section elementor-element elementor-element-be7023a elementor-section-boxed elementor-section-height-default elementor-section-height-default\" data-id=\"be7023a\" data-element_type=\"section\">\n\t\t\t\t\t\t<div class=\"elementor-container elementor-column-gap-default\">\n\t\t\t\t\t<div class=\"elementor-column elementor-col-66 elementor-top-column elementor-element elementor-element-fd63416\" data-id=\"fd63416\" data-element_type=\"column\" data-settings=\"{&quot;background_background&quot;:&quot;classic&quot;}\">\n\t\t\t<div class=\"elementor-widget-wrap elementor-element-populated\">\n\t\t\t\t\t\t\t\t<div class=\"elementor-element elementor-element-22d24c1 edubin-title-align-left elementor-widget elementor-widget-section-title-addons\" data-id=\"22d24c1\" data-element_type=\"widget\" data-widget_type=\"section-title-addons.default\">\n\t\t\t\t<div class=\"elementor-widget-container\">\n\t\t\t            <div class=\"edubin-section-title edubin-subtitle-position- title-style-four\">\n                <h2 class=\"section-title-txt\">Kontaktirajte nas za sva pitanja <\/h2><div class=edubin-title-sperator-sec><span class=\"edubin-title-sperator\">&nbsp;<\/span><\/div>            <\/div>\n\n        \t\t<\/div>\n\t\t\t\t<\/div>\n\t\t\t\t<div class=\"elementor-element elementor-element-be6e39d elementor-widget elementor-widget-edubin-contactform-addons\" data-id=\"be6e39d\" data-element_type=\"widget\" data-widget_type=\"edubin-contactform-addons.default\">\n\t\t\t\t<div class=\"elementor-widget-container\">\n\t\t\t            <div class=\"edubin-form-wrapper\" >\n\n            \n                <div role=\"form\" class=\"wpcf7\" id=\"wpcf7-f7616-o1\" lang=\"en-US\" dir=\"ltr\">\n<div class=\"screen-reader-response\"><p role=\"status\" aria-live=\"polite\" aria-atomic=\"true\"><\/p> <ul><\/ul><\/div>\n<form action=\"\/sr\/wp-json\/wp\/v2\/pages\/825#wpcf7-f7616-o1\" method=\"post\" class=\"wpcf7-form init\" novalidate=\"novalidate\" data-status=\"init\">\n<div style=\"display: none;\">\n<input type=\"hidden\" name=\"_wpcf7\" value=\"7616\" \/>\n<input type=\"hidden\" name=\"_wpcf7_version\" value=\"5.5.6\" \/>\n<input type=\"hidden\" name=\"_wpcf7_locale\" value=\"en_US\" \/>\n<input type=\"hidden\" name=\"_wpcf7_unit_tag\" value=\"wpcf7-f7616-o1\" \/>\n<input type=\"hidden\" name=\"_wpcf7_container_post\" value=\"0\" \/>\n<input type=\"hidden\" name=\"_wpcf7_posted_data_hash\" value=\"\" \/>\n<\/div>\n<div class=\"row\">\n<div class=\"col-md-6\">\n<p> <span class=\"wpcf7-form-control-wrap first-name\"><input type=\"text\" name=\"first-name\" value=\"\" size=\"40\" class=\"wpcf7-form-control wpcf7-text wpcf7-validates-as-required\" aria-required=\"true\" aria-invalid=\"false\" placeholder=\"Ime\" \/><\/span> <\/p>\n<\/div>\n<div class=\"col-md-6\">\n<p> <span class=\"wpcf7-form-control-wrap last-name\"><input type=\"text\" name=\"last-name\" value=\"\" size=\"40\" class=\"wpcf7-form-control wpcf7-text wpcf7-validates-as-required\" aria-required=\"true\" aria-invalid=\"false\" placeholder=\"Prezime\" \/><\/span> <\/p>\n<\/div>\n<\/div>\n<p><span class=\"wpcf7-form-control-wrap your-email\"><input type=\"email\" name=\"your-email\" value=\"\" size=\"40\" class=\"wpcf7-form-control wpcf7-text wpcf7-email wpcf7-validates-as-required wpcf7-validates-as-email\" aria-required=\"true\" aria-invalid=\"false\" placeholder=\"Email\" \/><\/span><\/p>\n<p><span class=\"wpcf7-form-control-wrap your-subject\"><input type=\"text\" name=\"your-subject\" value=\"\" size=\"40\" class=\"wpcf7-form-control wpcf7-text wpcf7-validates-as-required\" aria-required=\"true\" aria-invalid=\"false\" placeholder=\"Pitanje\" \/><\/span><\/p>\n<p><span class=\"wpcf7-form-control-wrap your-message\"><textarea name=\"your-message\" cols=\"40\" rows=\"10\" class=\"wpcf7-form-control wpcf7-textarea\" aria-invalid=\"false\" placeholder=\"Postavite Va\u0161e pitanje\"><\/textarea><\/span> <\/p>\n<p><input type=\"submit\" value=\"Po\u0161alji\" class=\"wpcf7-form-control has-spinner wpcf7-submit\" \/><\/p>\n<div class=\"wpcf7-response-output\" aria-hidden=\"true\"><\/div><\/form><\/div>            <\/div>\n\n                        \t\t<\/div>\n\t\t\t\t<\/div>\n\t\t\t\t\t<\/div>\n\t\t<\/div>\n\t\t\t\t<div class=\"elementor-column elementor-col-33 elementor-top-column elementor-element elementor-element-9222f00\" data-id=\"9222f00\" data-element_type=\"column\" data-settings=\"{&quot;background_background&quot;:&quot;classic&quot;}\">\n\t\t\t<div class=\"elementor-widget-wrap elementor-element-populated\">\n\t\t\t\t\t\t\t\t<div class=\"elementor-element elementor-element-4b2aeb3 edubin-title-align-left elementor-widget elementor-widget-section-title-addons\" data-id=\"4b2aeb3\" data-element_type=\"widget\" data-widget_type=\"section-title-addons.default\">\n\t\t\t\t<div class=\"elementor-widget-container\">\n\t\t\t            <div class=\"edubin-section-title edubin-subtitle-position- title-style-four\">\n                <h2 class=\"section-title-txt\">Adresa<\/h2><div class=edubin-title-sperator-sec><span class=\"edubin-title-sperator\">&nbsp;<\/span><\/div>            <\/div>\n\n        \t\t<\/div>\n\t\t\t\t<\/div>\n\t\t\t\t<div class=\"elementor-element elementor-element-8b8f54b elementor-align-left elementor-icon-list--layout-traditional elementor-list-item-link-full_width elementor-widget elementor-widget-icon-list\" data-id=\"8b8f54b\" data-element_type=\"widget\" data-widget_type=\"icon-list.default\">\n\t\t\t\t<div class=\"elementor-widget-container\">\n\t\t\t<link rel=\"stylesheet\" href=\"https:\/\/osbrankobozovic.me\/wp-content\/plugins\/elementor\/assets\/css\/widget-icon-list.min.css\">\t\t<ul class=\"elementor-icon-list-items\">\n\t\t\t\t\t\t\t<li class=\"elementor-icon-list-item\">\n\t\t\t\t\t\t\t\t\t\t\t<span class=\"elementor-icon-list-icon\">\n\t\t\t\t\t\t\t<i aria-hidden=\"true\" class=\"fas fa-map-marker-alt\"><\/i>\t\t\t\t\t\t<\/span>\n\t\t\t\t\t\t\t\t\t\t<span class=\"elementor-icon-list-text\">Jaroslava \u010cermaka 2, Podgorica<\/span>\n\t\t\t\t\t\t\t\t\t<\/li>\n\t\t\t\t\t\t\t\t<li class=\"elementor-icon-list-item\">\n\t\t\t\t\t\t\t\t\t\t\t<span class=\"elementor-icon-list-icon\">\n\t\t\t\t\t\t\t<i aria-hidden=\"true\" class=\"far fa-envelope\"><\/i>\t\t\t\t\t\t<\/span>\n\t\t\t\t\t\t\t\t\t\t<span class=\"elementor-icon-list-text\">skola@os-bbozovic.edu.me<\/span>\n\t\t\t\t\t\t\t\t\t<\/li>\n\t\t\t\t\t\t\t\t<li class=\"elementor-icon-list-item\">\n\t\t\t\t\t\t\t\t\t\t\t<span class=\"elementor-icon-list-icon\">\n\t\t\t\t\t\t\t<i aria-hidden=\"true\" class=\"fas fa-phone\"><\/i>\t\t\t\t\t\t<\/span>\n\t\t\t\t\t\t\t\t\t\t<span class=\"elementor-icon-list-text\">+382 20 240 479<\/span>\n\t\t\t\t\t\t\t\t\t<\/li>\n\t\t\t\t\t\t<\/ul>\n\t\t\t\t<\/div>\n\t\t\t\t<\/div>\n\t\t\t\t<section class=\"elementor-section elementor-inner-section elementor-element elementor-element-c290742 elementor-section-boxed elementor-section-height-default elementor-section-height-default\" data-id=\"c290742\" data-element_type=\"section\">\n\t\t\t\t\t\t<div class=\"elementor-container elementor-column-gap-default\">\n\t\t\t\t\t<div class=\"elementor-column elementor-col-100 elementor-inner-column elementor-element elementor-element-74d182a\" data-id=\"74d182a\" data-element_type=\"column\">\n\t\t\t<div class=\"elementor-widget-wrap elementor-element-populated\">\n\t\t\t\t\t\t\t\t<div class=\"elementor-element elementor-element-cf84311 elementor-widget elementor-widget-google_maps\" data-id=\"cf84311\" data-element_type=\"widget\" data-widget_type=\"google_maps.default\">\n\t\t\t\t<div class=\"elementor-widget-container\">\n\t\t\t<style>\/*! elementor - v3.6.2 - 04-04-2022 *\/\n.elementor-widget-google_maps .elementor-widget-container{overflow:hidden}.elementor-widget-google_maps iframe{height:300px}<\/style>\t\t<div class=\"elementor-custom-embed\">\n\t\t\t<iframe frameborder=\"0\" scrolling=\"no\" marginheight=\"0\" marginwidth=\"0\"\n\t\t\t\t\tsrc=\"https:\/\/maps.google.com\/maps?q=Jaroslava%20%C4%8Cermaka%202%2C%20Podgorica&#038;t=m&#038;z=10&#038;output=embed&#038;iwloc=near\"\n\t\t\t\t\ttitle=\"Jaroslava \u010cermaka 2, Podgorica\"\n\t\t\t\t\taria-label=\"Jaroslava \u010cermaka 2, Podgorica\"\n\t\t\t><\/iframe>\n\t\t<\/div>\n\t\t\t\t<\/div>\n\t\t\t\t<\/div>\n\t\t\t\t\t<\/div>\n\t\t<\/div>\n\t\t\t\t\t\t\t<\/div>\n\t\t<\/section>\n\t\t\t\t\t<\/div>\n\t\t<\/div>\n\t\t\t\t\t\t\t<\/div>\n\t\t<\/section>\n\t\t\t\t\t\t\t<\/div>\n\t\t","protected":false},"excerpt":{"rendered":"<p>Kontaktirajte nas za sva pitanja &nbsp; Adresa &nbsp; Jaroslava \u010cermaka 2, Podgorica skola@os-bbozovic.edu.me +382 20 240 479<\/p>\n","protected":false},"author":1,"featured_media":0,"parent":0,"menu_order":0,"comment_status":"closed","ping_status":"closed","template":"","meta":{"inline_featured_image":false,"footnotes":""},"class_list":["post-825","page","type-page","status-publish","hentry"],"yoast_head":"<!-- This site is optimized with the Yoast SEO plugin v18.6 - https:\/\/yoast.com\/wordpress\/plugins\/seo\/ -->\n<title>Kontakt - Osnovna \u0161kola Branko Bo\u017eovi\u0107<\/title>\n<meta name=\"robots\" content=\"index, follow, max-snippet:-1, max-image-preview:large, max-video-preview:-1\" \/>\n<link rel=\"canonical\" href=\"https:\/\/osbrankobozovic.me\/sr\/kontakt2\/\" \/>\n<meta property=\"og:locale\" content=\"sr_RS\" \/>\n<meta property=\"og:type\" content=\"article\" \/>\n<meta property=\"og:title\" content=\"Kontakt - Osnovna \u0161kola Branko Bo\u017eovi\u0107\" \/>\n<meta property=\"og:description\" content=\"Kontaktirajte nas za sva pitanja &nbsp; Adresa &nbsp; Jaroslava \u010cermaka 2, Podgorica skola@os-bbozovic.edu.me +382 20 240 479\" \/>\n<meta property=\"og:url\" content=\"https:\/\/osbrankobozovic.me\/sr\/kontakt2\/\" \/>\n<meta property=\"og:site_name\" content=\"Osnovna \u0161kola Branko Bo\u017eovi\u0107\" \/>\n<meta property=\"article:modified_time\" content=\"2022-04-13T01:02:28+00:00\" \/>\n<meta name=\"twitter:card\" content=\"summary_large_image\" \/>\n<script type=\"application\/ld+json\" class=\"yoast-schema-graph\">{\"@context\":\"https:\/\/schema.org\",\"@graph\":[{\"@type\":\"WebSite\",\"@id\":\"https:\/\/osbrankobozovic.me\/#website\",\"url\":\"https:\/\/osbrankobozovic.me\/\",\"name\":\"Osnovna \u0161kola Branko Bo\u017eovi\u0107\",\"description\":\"\",\"potentialAction\":[{\"@type\":\"SearchAction\",\"target\":{\"@type\":\"EntryPoint\",\"urlTemplate\":\"https:\/\/osbrankobozovic.me\/?s={search_term_string}\"},\"query-input\":\"required name=search_term_string\"}],\"inLanguage\":\"sr-RS\"},{\"@type\":\"WebPage\",\"@id\":\"https:\/\/osbrankobozovic.me\/sr\/kontakt2\/#webpage\",\"url\":\"https:\/\/osbrankobozovic.me\/sr\/kontakt2\/\",\"name\":\"Kontakt - Osnovna \u0161kola Branko Bo\u017eovi\u0107\",\"isPartOf\":{\"@id\":\"https:\/\/osbrankobozovic.me\/#website\"},\"datePublished\":\"2019-04-06T04:02:19+00:00\",\"dateModified\":\"2022-04-13T01:02:28+00:00\",\"breadcrumb\":{\"@id\":\"https:\/\/osbrankobozovic.me\/sr\/kontakt2\/#breadcrumb\"},\"inLanguage\":\"sr-RS\",\"potentialAction\":[{\"@type\":\"ReadAction\",\"target\":[\"https:\/\/osbrankobozovic.me\/sr\/kontakt2\/\"]}]},{\"@type\":\"BreadcrumbList\",\"@id\":\"https:\/\/osbrankobozovic.me\/sr\/kontakt2\/#breadcrumb\",\"itemListElement\":[{\"@type\":\"ListItem\",\"position\":1,\"name\":\"Home\",\"item\":\"https:\/\/osbrankobozovic.me\/sr\/\"},{\"@type\":\"ListItem\",\"position\":2,\"name\":\"Kontakt\"}]}]}<\/script>\n<!-- \/ Yoast SEO plugin. -->","yoast_head_json":{"title":"Kontakt - Osnovna \u0161kola Branko Bo\u017eovi\u0107","robots":{"index":"index","follow":"follow","max-snippet":"max-snippet:-1","max-image-preview":"max-image-preview:large","max-video-preview":"max-video-preview:-1"},"canonical":"https:\/\/osbrankobozovic.me\/sr\/kontakt2\/","og_locale":"sr_RS","og_type":"article","og_title":"Kontakt - Osnovna \u0161kola Branko Bo\u017eovi\u0107","og_description":"Kontaktirajte nas za sva pitanja &nbsp; Adresa &nbsp; Jaroslava \u010cermaka 2, Podgorica skola@os-bbozovic.edu.me +382 20 240 479","og_url":"https:\/\/osbrankobozovic.me\/sr\/kontakt2\/","og_site_name":"Osnovna \u0161kola Branko Bo\u017eovi\u0107","article_modified_time":"2022-04-13T01:02:28+00:00","twitter_card":"summary_large_image","schema":{"@context":"https:\/\/schema.org","@graph":[{"@type":"WebSite","@id":"https:\/\/osbrankobozovic.me\/#website","url":"https:\/\/osbrankobozovic.me\/","name":"Osnovna \u0161kola Branko Bo\u017eovi\u0107","description":"","potentialAction":[{"@type":"SearchAction","target":{"@type":"EntryPoint","urlTemplate":"https:\/\/osbrankobozovic.me\/?s={search_term_string}"},"query-input":"required name=search_term_string"}],"inLanguage":"sr-RS"},{"@type":"WebPage","@id":"https:\/\/osbrankobozovic.me\/sr\/kontakt2\/#webpage","url":"https:\/\/osbrankobozovic.me\/sr\/kontakt2\/","name":"Kontakt - Osnovna \u0161kola Branko Bo\u017eovi\u0107","isPartOf":{"@id":"https:\/\/osbrankobozovic.me\/#website"},"datePublished":"2019-04-06T04:02:19+00:00","dateModified":"2022-04-13T01:02:28+00:00","breadcrumb":{"@id":"https:\/\/osbrankobozovic.me\/sr\/kontakt2\/#breadcrumb"},"inLanguage":"sr-RS","potentialAction":[{"@type":"ReadAction","target":["https:\/\/osbrankobozovic.me\/sr\/kontakt2\/"]}]},{"@type":"BreadcrumbList","@id":"https:\/\/osbrankobozovic.me\/sr\/kontakt2\/#breadcrumb","itemListElement":[{"@type":"ListItem","position":1,"name":"Home","item":"https:\/\/osbrankobozovic.me\/sr\/"},{"@type":"ListItem","position":2,"name":"Kontakt"}]}]}},"_links":{"self":[{"href":"https:\/\/osbrankobozovic.me\/sr\/wp-json\/wp\/v2\/pages\/825","targetHints":{"allow":["GET"]}}],"collection":[{"href":"https:\/\/osbrankobozovic.me\/sr\/wp-json\/wp\/v2\/pages"}],"about":[{"href":"https:\/\/osbrankobozovic.me\/sr\/wp-json\/wp\/v2\/types\/page"}],"author":[{"embeddable":true,"href":"https:\/\/osbrankobozovic.me\/sr\/wp-json\/wp\/v2\/users\/1"}],"replies":[{"embeddable":true,"href":"https:\/\/osbrankobozovic.me\/sr\/wp-json\/wp\/v2\/comments?post=825"}],"version-history":[{"count":6,"href":"https:\/\/osbrankobozovic.me\/sr\/wp-json\/wp\/v2\/pages\/825\/revisions"}],"predecessor-version":[{"id":13535,"href":"https:\/\/osbrankobozovic.me\/sr\/wp-json\/wp\/v2\/pages\/825\/revisions\/13535"}],"wp:attachment":[{"href":"https:\/\/osbrankobozovic.me\/sr\/wp-json\/wp\/v2\/media?parent=825"}],"curies":[{"name":"wp","href":"https:\/\/api.w.org\/{rel}","templated":true}]}}